{"id":835,"date":"2021-12-26T14:48:52","date_gmt":"2021-12-26T13:48:52","guid":{"rendered":"https:\/\/chezlenka.ch\/?post_type=product&#038;p=835"},"modified":"2021-12-26T14:52:25","modified_gmt":"2021-12-26T13:52:25","slug":"tige-medium-contour","status":"publish","type":"product","link":"https:\/\/chezlenka.ch\/index.php\/produit\/tige-medium-contour\/","title":{"rendered":"Tige M\u00e9dium contour"},"content":{"rendered":"<ol>\n<li>Cette tiges est tr\u00e8s douce pour enlever les surplus de gel ou des cuticules \u00e9paisses<\/li>\n<\/ol>\n<p>conseil d\u00e9sinfecter avant et apr\u00e8s chaque utilisation<\/p>\n<p>une fois us\u00e9 vous pouvez toujours l\u2019utiliser pour enlever les cuticules sur l\u2019ongle naturel<\/p>\n","protected":false},"excerpt":{"rendered":"<p>Tiges fine \u00e0 grain m\u00e9dium pour enlever les mati\u00e8res du contours de l\u2019ongle<\/p>\n","protected":false},"featured_media":838,"template":"","meta":{"om_disable_all_campaigns":false},"product_brand":[],"product_cat":[34,35],"product_tag":[],"class_list":{"0":"post-835","1":"product","2":"type-product","3":"status-publish","4":"has-post-thumbnail","6":"product_cat-tiges-ponceuse","7":"product_cat-professional-use","9":"first","10":"instock","11":"shipping-taxable","12":"purchasable","13":"product-type-simple"},"aioseo_notices":[],"_links":{"self":[{"href":"https:\/\/chezlenka.ch\/index.php\/wp-json\/wp\/v2\/product\/835","targetHints":{"allow":["GET"]}}],"collection":[{"href":"https:\/\/chezlenka.ch\/index.php\/wp-json\/wp\/v2\/product"}],"about":[{"href":"https:\/\/chezlenka.ch\/index.php\/wp-json\/wp\/v2\/types\/product"}],"wp:featuredmedia":[{"embeddable":true,"href":"https:\/\/chezlenka.ch\/index.php\/wp-json\/wp\/v2\/media\/838"}],"wp:attachment":[{"href":"https:\/\/chezlenka.ch\/index.php\/wp-json\/wp\/v2\/media?parent=835"}],"wp:term":[{"taxonomy":"product_brand","embeddable":true,"href":"https:\/\/chezlenka.ch\/index.php\/wp-json\/wp\/v2\/product_brand?post=835"},{"taxonomy":"product_cat","embeddable":true,"href":"https:\/\/chezlenka.ch\/index.php\/wp-json\/wp\/v2\/product_cat?post=835"},{"taxonomy":"product_tag","embeddable":true,"href":"https:\/\/chezlenka.ch\/index.php\/wp-json\/wp\/v2\/product_tag?post=835"}],"curies":[{"name":"wp","href":"https:\/\/api.w.org\/{rel}","templated":true}]}}