{"id":833,"date":"2021-12-26T14:41:35","date_gmt":"2021-12-26T13:41:35","guid":{"rendered":"https:\/\/chezlenka.ch\/?post_type=product&#038;p=833"},"modified":"2022-01-24T23:20:48","modified_gmt":"2022-01-24T22:20:48","slug":"tige-medieum","status":"publish","type":"product","link":"https:\/\/chezlenka.ch\/index.php\/produit\/tige-medieum\/","title":{"rendered":"Tige  Medieum"},"content":{"rendered":"<blockquote>\n<p style=\"text-align: left\">Tiges medieum pour enlever le gel, semipermanent<\/p>\n<\/blockquote>\n","protected":false},"excerpt":{"rendered":"<p>Cette tige est une des meilleurs tiges que j\u2019ai pu essay\u00e9 \u00e7a vibration est tr\u00e8s douce m\u00eame \u00e0 grande vitesse possibilit\u00e9 de l\u2019utiliser pour enlever toutes les mati\u00e8res.<br \/>\nElle garde la couleur<\/p>\n","protected":false},"featured_media":844,"template":"","meta":{"om_disable_all_campaigns":false},"product_brand":[],"product_cat":[34,35],"product_tag":[],"class_list":{"0":"post-833","1":"product","2":"type-product","3":"status-publish","4":"has-post-thumbnail","6":"product_cat-tiges-ponceuse","7":"product_cat-professional-use","9":"first","10":"instock","11":"shipping-taxable","12":"purchasable","13":"product-type-simple"},"aioseo_notices":[],"_links":{"self":[{"href":"https:\/\/chezlenka.ch\/index.php\/wp-json\/wp\/v2\/product\/833","targetHints":{"allow":["GET"]}}],"collection":[{"href":"https:\/\/chezlenka.ch\/index.php\/wp-json\/wp\/v2\/product"}],"about":[{"href":"https:\/\/chezlenka.ch\/index.php\/wp-json\/wp\/v2\/types\/product"}],"wp:featuredmedia":[{"embeddable":true,"href":"https:\/\/chezlenka.ch\/index.php\/wp-json\/wp\/v2\/media\/844"}],"wp:attachment":[{"href":"https:\/\/chezlenka.ch\/index.php\/wp-json\/wp\/v2\/media?parent=833"}],"wp:term":[{"taxonomy":"product_brand","embeddable":true,"href":"https:\/\/chezlenka.ch\/index.php\/wp-json\/wp\/v2\/product_brand?post=833"},{"taxonomy":"product_cat","embeddable":true,"href":"https:\/\/chezlenka.ch\/index.php\/wp-json\/wp\/v2\/product_cat?post=833"},{"taxonomy":"product_tag","embeddable":true,"href":"https:\/\/chezlenka.ch\/index.php\/wp-json\/wp\/v2\/product_tag?post=833"}],"curies":[{"name":"wp","href":"https:\/\/api.w.org\/{rel}","templated":true}]}}