{"id":396,"date":"2021-10-26T17:39:34","date_gmt":"2021-10-26T15:39:34","guid":{"rendered":"https:\/\/chezlenka.ch\/?post_type=product&#038;p=396"},"modified":"2021-12-06T23:34:35","modified_gmt":"2021-12-06T22:34:35","slug":"soins-pour-les-ongles-by-alessandro-spa","status":"publish","type":"product","link":"https:\/\/chezlenka.ch\/index.php\/produit\/soins-pour-les-ongles-by-alessandro-spa\/","title":{"rendered":"Dissolvant rapide"},"content":{"rendered":"<p>Dissolvant, \u00e9limine les r\u00e9sidus de vernis et salet\u00e9.<\/p>\n<p>Inodore et doux pour vos ongles<\/p>\n","protected":false},"excerpt":{"rendered":"<p>Cure de soin intensive<\/p>\n","protected":false},"featured_media":412,"template":"","meta":{"om_disable_all_campaigns":false},"product_brand":[],"product_cat":[24,25,26],"product_tag":[],"class_list":{"0":"post-396","1":"product","2":"type-product","3":"status-publish","4":"has-post-thumbnail","6":"product_cat-cosmetics-2","7":"product_cat-hands-cosmetics","8":"product_cat-feet-cosmetics","10":"first","11":"instock","12":"shipping-taxable","13":"purchasable","14":"product-type-simple"},"aioseo_notices":[],"_links":{"self":[{"href":"https:\/\/chezlenka.ch\/index.php\/wp-json\/wp\/v2\/product\/396","targetHints":{"allow":["GET"]}}],"collection":[{"href":"https:\/\/chezlenka.ch\/index.php\/wp-json\/wp\/v2\/product"}],"about":[{"href":"https:\/\/chezlenka.ch\/index.php\/wp-json\/wp\/v2\/types\/product"}],"wp:featuredmedia":[{"embeddable":true,"href":"https:\/\/chezlenka.ch\/index.php\/wp-json\/wp\/v2\/media\/412"}],"wp:attachment":[{"href":"https:\/\/chezlenka.ch\/index.php\/wp-json\/wp\/v2\/media?parent=396"}],"wp:term":[{"taxonomy":"product_brand","embeddable":true,"href":"https:\/\/chezlenka.ch\/index.php\/wp-json\/wp\/v2\/product_brand?post=396"},{"taxonomy":"product_cat","embeddable":true,"href":"https:\/\/chezlenka.ch\/index.php\/wp-json\/wp\/v2\/product_cat?post=396"},{"taxonomy":"product_tag","embeddable":true,"href":"https:\/\/chezlenka.ch\/index.php\/wp-json\/wp\/v2\/product_tag?post=396"}],"curies":[{"name":"wp","href":"https:\/\/api.w.org\/{rel}","templated":true}]}}